{"id":3288,"date":"2023-08-28T17:36:49","date_gmt":"2023-08-28T15:36:49","guid":{"rendered":"https:\/\/midwives.dev.gehealthcare.com\/fr-fr\/?page_id=3288"},"modified":"2024-08-26T18:40:40","modified_gmt":"2024-08-26T16:40:40","slug":"podcats-et-posters-educatifs","status":"publish","type":"page","link":"https:\/\/midwives.dev.gehealthcare.com\/fr-fr\/podcats-et-posters-educatifs\/","title":{"rendered":"Podcasts et posters \u00e9ducatifs"},"content":{"rendered":"\n<div class=\"wp-block-columns is-layout-flex wp-container-core-columns-layout-1 wp-block-columns-is-layout-flex\">\n<div class=\"wp-block-column is-layout-flow wp-block-column-is-layout-flow\">\n<p class=\"has-text-align-left\">Afin d&rsquo;accompagner les sages-femmes dans la relation leurs patientes nous avons cr\u00e9\u00e9 de nouveaux dispositifs p\u00e9dagogiques que nous vous proposons ici.<\/p>\n\n\n\n<p>D\u00e9couvrez des posters clairs et chaleureux, pour faciliter la compr\u00e9hension et la transmission, autour de th\u00e9matiques de votre quotidien de sage-femme \u00e9chographiste. Chaque poster est accompagn\u00e9 d\u2019un podcast r\u00e9alis\u00e9 avec les meilleurs sp\u00e9cialistes pour compl\u00e9ter le savoir et aller plus loin : un niveau d&rsquo;information s\u00e9quenc\u00e9, et enrichi, pour un accompagnement sur-mesure.<\/p>\n\n\n\n<div class=\"wp-block-buttons inscp_marketo is-layout-flex wp-block-buttons-is-layout-flex\">\n<div class=\"wp-block-button video_listing\"><a class=\"wp-block-button__link\" href=\"https:\/\/midwives.dev.gehealthcare.com\/fr-fr\/inscription\/\" style=\"border-radius:4px\">S\u2019inscrire pour \u00eatre notifi\u00e9 des nouveaux podcasts<\/a><\/div>\n<\/div>\n<\/div>\n<\/div>\n\n\n\n<div class=\"wp-block-columns is-layout-flex wp-container-core-columns-layout-2 wp-block-columns-is-layout-flex\">\n<div class=\"wp-block-column gated_videos is-layout-flow wp-block-column-is-layout-flow\">\n<figure class=\"wp-block-image size-full is-style-default text-uppercase\"><a href=\"https:\/\/midwives.dev.gehealthcare.com\/fr-fr\/non-classe\/nouvelle-classification-et-terminologie-des-malformations-uterines--apport-de-la-vue-frontale-echographique\/\"><img loading=\"lazy\" decoding=\"async\" width=\"353\" height=\"198\" src=\"https:\/\/midwives.dev.gehealthcare.com\/fr-fr\/wp-content\/uploads\/sites\/4\/2023\/08\/poster_1.png\" alt=\"\" class=\"wp-image-3298\" srcset=\"https:\/\/midwives.dev.gehealthcare.com\/fr-fr\/wp-content\/uploads\/sites\/4\/2023\/08\/poster_1.png 353w, https:\/\/midwives.dev.gehealthcare.com\/fr-fr\/wp-content\/uploads\/sites\/4\/2023\/08\/poster_1-300x168.png 300w\" sizes=\"(max-width: 353px) 100vw, 353px\" \/><\/a><figcaption><mark style=\"background-color:rgba(0, 0, 0, 0);color:#595194\" class=\"has-inline-color\"><a href=\"https:\/\/midwives.dev.gehealthcare.com\/fr-fr\/non-classe\/nouvelle-classification-et-terminologie-des-malformations-uterines--apport-de-la-vue-frontale-echographique\/\">Nouvelle classification et terminologie des malformations ut\u00e9rines &amp; apport de la vue frontale \u00e9chographique<\/a><\/mark><\/figcaption><\/figure>\n<\/div>\n\n\n\n<div class=\"wp-block-column gated_videos is-layout-flow wp-block-column-is-layout-flow\">\n<figure class=\"wp-block-image size-full is-style-default text-uppercase\"><a href=\"https:\/\/midwives.dev.gehealthcare.com\/fr-fr\/non-classe\/controle-echographique-du-ballon-de-tamponnement-intra-uterin\/\"><img loading=\"lazy\" decoding=\"async\" width=\"353\" height=\"198\" src=\"https:\/\/midwives.dev.gehealthcare.com\/fr-fr\/wp-content\/uploads\/sites\/4\/2023\/08\/poster_2.png\" alt=\"\" class=\"wp-image-3297\" srcset=\"https:\/\/midwives.dev.gehealthcare.com\/fr-fr\/wp-content\/uploads\/sites\/4\/2023\/08\/poster_2.png 353w, https:\/\/midwives.dev.gehealthcare.com\/fr-fr\/wp-content\/uploads\/sites\/4\/2023\/08\/poster_2-300x168.png 300w\" sizes=\"(max-width: 353px) 100vw, 353px\" \/><\/a><figcaption><mark style=\"background-color:rgba(0, 0, 0, 0);color:#595194\" class=\"has-inline-color\"><a href=\"https:\/\/midwives.dev.gehealthcare.com\/fr-fr\/non-classe\/controle-echographique-du-ballon-de-tamponnement-intra-uterin\/\">Contr\u00f4le \u00e9chographique du Ballon de TamponnementIntra-Ut\u00e9rin<\/a><\/mark><\/figcaption><\/figure>\n<\/div>\n\n\n\n<div class=\"wp-block-column gated_videos is-layout-flow wp-block-column-is-layout-flow\">\n<figure class=\"wp-block-image size-full is-style-default text-uppercase\"><a href=\"https:\/\/midwives.dev.gehealthcare.com\/fr-fr\/non-classe\/echographie-en-salle-de-naissance-2\/\"><img loading=\"lazy\" decoding=\"async\" width=\"353\" height=\"198\" src=\"https:\/\/midwives.dev.gehealthcare.com\/fr-fr\/wp-content\/uploads\/sites\/4\/2023\/08\/poster_3.png\" alt=\"\" class=\"wp-image-3296\" srcset=\"https:\/\/midwives.dev.gehealthcare.com\/fr-fr\/wp-content\/uploads\/sites\/4\/2023\/08\/poster_3.png 353w, https:\/\/midwives.dev.gehealthcare.com\/fr-fr\/wp-content\/uploads\/sites\/4\/2023\/08\/poster_3-300x168.png 300w\" sizes=\"(max-width: 353px) 100vw, 353px\" \/><\/a><figcaption><mark style=\"background-color:rgba(0, 0, 0, 0);color:#595194\" class=\"has-inline-color\"><a href=\"https:\/\/midwives.dev.gehealthcare.com\/fr-fr\/non-classe\/echographie-en-salle-de-naissance-2\/\">\u00c9chographie en Salle de Naissance<\/a><\/mark><\/figcaption><\/figure>\n<\/div>\n<\/div>\n\n\n\n<div class=\"wp-block-columns is-layout-flex wp-container-core-columns-layout-3 wp-block-columns-is-layout-flex\">\n<div class=\"wp-block-column gated_videos is-layout-flow wp-block-column-is-layout-flow\">\n<figure class=\"wp-block-image size-full is-style-default text-uppercase\"><img loading=\"lazy\" decoding=\"async\" width=\"353\" height=\"198\" src=\"https:\/\/midwives.dev.gehealthcare.com\/fr-fr\/wp-content\/uploads\/sites\/4\/2024\/08\/2023-1-LP.png\" alt=\"\" class=\"wp-image-3676\" srcset=\"https:\/\/midwives.dev.gehealthcare.com\/fr-fr\/wp-content\/uploads\/sites\/4\/2024\/08\/2023-1-LP.png 353w, https:\/\/midwives.dev.gehealthcare.com\/fr-fr\/wp-content\/uploads\/sites\/4\/2024\/08\/2023-1-LP-300x168.png 300w\" sizes=\"(max-width: 353px) 100vw, 353px\" \/><figcaption><mark style=\"background-color:rgba(0, 0, 0, 0);color:#595194\" class=\"has-inline-color\"><a href=\"https:\/\/midwives.dev.gehealthcare.com\/fr-fr\/se-former-a-lechographie\/lechographie-foetale\/guidelines-en-echographie-foetale-1er-trimestrecneof-2023\/\">Guidelines en \u00e9chographie f\u0153tale 1er Trimestre(CNEOF 2023)<\/a><\/mark><\/figcaption><\/figure>\n<\/div>\n\n\n\n<div class=\"wp-block-column gated_videos is-layout-flow wp-block-column-is-layout-flow\">\n<figure class=\"wp-block-image size-full is-style-default text-uppercase\"><img loading=\"lazy\" decoding=\"async\" width=\"353\" height=\"198\" src=\"https:\/\/midwives.dev.gehealthcare.com\/fr-fr\/wp-content\/uploads\/sites\/4\/2024\/08\/2023-2-LP.png\" alt=\"\" class=\"wp-image-3677\" srcset=\"https:\/\/midwives.dev.gehealthcare.com\/fr-fr\/wp-content\/uploads\/sites\/4\/2024\/08\/2023-2-LP.png 353w, https:\/\/midwives.dev.gehealthcare.com\/fr-fr\/wp-content\/uploads\/sites\/4\/2024\/08\/2023-2-LP-300x168.png 300w\" sizes=\"(max-width: 353px) 100vw, 353px\" \/><figcaption><mark style=\"background-color:rgba(0, 0, 0, 0);color:#595194\" class=\"has-inline-color\"><a href=\"https:\/\/midwives.dev.gehealthcare.com\/fr-fr\/se-former-a-lechographie\/lechographie-foetale\/guidelines-en-echographie-foetale-2e-trimestrecneof-2023\/\">Guidelines en \u00e9chographie f\u0153tale 2\u00e8me Trimestre(CNEOF 2023)<\/a><\/mark><\/figcaption><\/figure>\n<\/div>\n\n\n\n<div class=\"wp-block-column gated_videos is-layout-flow wp-block-column-is-layout-flow\">\n<figure class=\"wp-block-image size-full is-style-default text-uppercase\"><img loading=\"lazy\" decoding=\"async\" width=\"353\" height=\"198\" src=\"https:\/\/midwives.dev.gehealthcare.com\/fr-fr\/wp-content\/uploads\/sites\/4\/2024\/08\/2023-3-LP.png\" alt=\"\" class=\"wp-image-3678\" srcset=\"https:\/\/midwives.dev.gehealthcare.com\/fr-fr\/wp-content\/uploads\/sites\/4\/2024\/08\/2023-3-LP.png 353w, https:\/\/midwives.dev.gehealthcare.com\/fr-fr\/wp-content\/uploads\/sites\/4\/2024\/08\/2023-3-LP-300x168.png 300w\" sizes=\"(max-width: 353px) 100vw, 353px\" \/><figcaption><mark style=\"background-color:rgba(0, 0, 0, 0);color:#595194\" class=\"has-inline-color\"><a href=\"https:\/\/midwives.dev.gehealthcare.com\/fr-fr\/se-former-a-lechographie\/lechographie-foetale\/guidelines-en-echographie-foetale-3e-trimestrecneof-2023\/\">Guidelines en \u00e9chographie f\u0153tale 3\u00e8me Trimestre(CNEOF 2023)<\/a><\/mark><\/figcaption><\/figure>\n<\/div>\n<\/div>\n\n\n\n<p><\/p>\n","protected":false},"excerpt":{"rendered":"<p>Afin d&rsquo;accompagner les sages-femmes dans la relation leurs patientes nous avons cr\u00e9\u00e9 de nouveaux dispositifs p\u00e9dagogiques que nous vous proposons ici. D\u00e9couvrez des posters clairs et chaleureux, pour faciliter la compr\u00e9hension et la transmission, autour de th\u00e9matiques de votre quotidien de sage-femme \u00e9chographiste. Chaque poster est accompagn\u00e9 d\u2019un podcast r\u00e9alis\u00e9 avec les meilleurs sp\u00e9cialistes pour [&hellip;]<\/p>\n","protected":false},"author":15,"featured_media":0,"parent":0,"menu_order":0,"comment_status":"closed","ping_status":"closed","template":"","meta":{"inline_featured_image":false,"footnotes":""},"_links":{"self":[{"href":"https:\/\/midwives.dev.gehealthcare.com\/fr-fr\/wp-json\/wp\/v2\/pages\/3288"}],"collection":[{"href":"https:\/\/midwives.dev.gehealthcare.com\/fr-fr\/wp-json\/wp\/v2\/pages"}],"about":[{"href":"https:\/\/midwives.dev.gehealthcare.com\/fr-fr\/wp-json\/wp\/v2\/types\/page"}],"author":[{"embeddable":true,"href":"https:\/\/midwives.dev.gehealthcare.com\/fr-fr\/wp-json\/wp\/v2\/users\/15"}],"replies":[{"embeddable":true,"href":"https:\/\/midwives.dev.gehealthcare.com\/fr-fr\/wp-json\/wp\/v2\/comments?post=3288"}],"version-history":[{"count":12,"href":"https:\/\/midwives.dev.gehealthcare.com\/fr-fr\/wp-json\/wp\/v2\/pages\/3288\/revisions"}],"predecessor-version":[{"id":3679,"href":"https:\/\/midwives.dev.gehealthcare.com\/fr-fr\/wp-json\/wp\/v2\/pages\/3288\/revisions\/3679"}],"wp:attachment":[{"href":"https:\/\/midwives.dev.gehealthcare.com\/fr-fr\/wp-json\/wp\/v2\/media?parent=3288"}],"curies":[{"name":"wp","href":"https:\/\/api.w.org\/{rel}","templated":true}]}}