{"id":2397,"date":"2022-04-08T16:06:01","date_gmt":"2022-04-08T14:06:01","guid":{"rendered":"https:\/\/midwives.dev.gehealthcare.com\/fr-fr\/?page_id=2397"},"modified":"2022-11-25T10:40:53","modified_gmt":"2022-11-25T09:40:53","slug":"webserie-comment-je-fais","status":"publish","type":"page","link":"https:\/\/midwives.dev.gehealthcare.com\/fr-fr\/webserie-comment-je-fais\/","title":{"rendered":"WebS\u00e9rie : Comment je fais ?"},"content":{"rendered":"\n<div class=\"wp-block-columns is-layout-flex wp-container-core-columns-layout-1 wp-block-columns-is-layout-flex\">\n<div class=\"wp-block-column is-layout-flow wp-block-column-is-layout-flow\">\n<p class=\"has-text-align-left\">9 vid\u00e9os de 10 minutes pour r\u00e9viser les points cl\u00e9s de l&rsquo;\u00e9cho f\u0153tale.<br>Inscrivez-vous pour \u00eatre inform\u00e9.e lorsque les \u00e9pisodes sont publi\u00e9s.<\/p>\n\n\n\n<div class=\"wp-block-buttons inscp_marketo is-layout-flex wp-block-buttons-is-layout-flex\">\n<div class=\"wp-block-button video_listing\"><a class=\"wp-block-button__link\" href=\"https:\/\/midwives.dev.gehealthcare.com\/fr-fr\/inscription\/\">S&rsquo;INSCRIRE pour \u00eatre notifi\u00e9.e des nouveaux \u00e9pisodes<\/a><\/div>\n<\/div>\n<\/div>\n<\/div>\n\n\n\n<div class=\"wp-block-columns is-layout-flex wp-container-core-columns-layout-2 wp-block-columns-is-layout-flex\">\n<div class=\"wp-block-column gated_videos is-layout-flow wp-block-column-is-layout-flow\">\n<figure class=\"wp-block-image size-large is-style-default\"><a href=\"https:\/\/midwives.dev.gehealthcare.com\/fr-fr\/education-clinique\/technique-echographique-prerequis-et-gestes-pratiques\/\"><img loading=\"lazy\" decoding=\"async\" width=\"353\" height=\"198\" src=\"https:\/\/midwives.dev.gehealthcare.com\/fr-fr\/wp-content\/uploads\/sites\/4\/2022\/03\/01_PREREQUIS_br-1.png\" alt=\"\" class=\"wp-image-2478\" srcset=\"https:\/\/midwives.dev.gehealthcare.com\/fr-fr\/wp-content\/uploads\/sites\/4\/2022\/03\/01_PREREQUIS_br-1.png 353w, https:\/\/midwives.dev.gehealthcare.com\/fr-fr\/wp-content\/uploads\/sites\/4\/2022\/03\/01_PREREQUIS_br-1-300x168.png 300w\" sizes=\"(max-width: 353px) 100vw, 353px\" \/><\/a><figcaption><a href=\"https:\/\/midwives.dev.gehealthcare.com\/fr-fr\/education-clinique\/technique-echographique-prerequis-et-gestes-pratiques\/\"><mark style=\"background-color:rgba(0, 0, 0, 0);color:#595194\" class=\"has-inline-color\">TECHNIQUE \u00c9CHOGRAPHIQUE : PR\u00c9REQUIS ET GESTES PRATIQUES<\/mark><\/a><\/figcaption><\/figure>\n<\/div>\n\n\n\n<div class=\"wp-block-column gated_videos is-layout-flow wp-block-column-is-layout-flow\">\n<figure class=\"wp-block-image size-large is-style-default\"><a href=\"https:\/\/midwives.dev.gehealthcare.com\/fr-fr\/education-clinique\/lechographie-de-depistage-au-2e-et-3e-trimestre-le-diametre-biparietal-et-perimetre-cephalique\/\"><img loading=\"lazy\" decoding=\"async\" width=\"350\" height=\"198\" src=\"https:\/\/midwives.dev.gehealthcare.com\/fr-fr\/wp-content\/uploads\/sites\/4\/2022\/03\/02_BIP_br-1.png\" alt=\"\" class=\"wp-image-2479\" srcset=\"https:\/\/midwives.dev.gehealthcare.com\/fr-fr\/wp-content\/uploads\/sites\/4\/2022\/03\/02_BIP_br-1.png 350w, https:\/\/midwives.dev.gehealthcare.com\/fr-fr\/wp-content\/uploads\/sites\/4\/2022\/03\/02_BIP_br-1-300x170.png 300w\" sizes=\"(max-width: 350px) 100vw, 350px\" \/><\/a><figcaption><a href=\"https:\/\/midwives.dev.gehealthcare.com\/fr-fr\/education-clinique\/lechographie-de-depistage-au-2e-et-3e-trimestre-le-diametre-biparietal-et-perimetre-cephalique\/\"><mark style=\"background-color:rgba(0, 0, 0, 0);color:#595194\" class=\"has-inline-color\">L\u2019\u00c9CHOGRAPHIE DE D\u00c9PISTAGE AU 2E ET 3E TRIMESTRE &#8211; LE DIAM\u00c8TRE BIPARI\u00c9TAL ET P\u00c9RIM\u00c8TRE C\u00c9PHALIQUE<\/mark><\/a><\/figcaption><\/figure>\n<\/div>\n\n\n\n<div class=\"wp-block-column gated_videos is-layout-flow wp-block-column-is-layout-flow\">\n<figure class=\"wp-block-image size-large is-style-default\"><a href=\"https:\/\/midwives.dev.gehealthcare.com\/fr-fr\/education-clinique\/lechographie-de-depistage-au-2e-et-3e-trimestre-labdomen-et-le-perimetre-abdominal\/\"><img loading=\"lazy\" decoding=\"async\" width=\"350\" height=\"198\" src=\"https:\/\/midwives.dev.gehealthcare.com\/fr-fr\/wp-content\/uploads\/sites\/4\/2022\/05\/03_PERIMETRE-ABDO_pl.png\" alt=\"\" class=\"wp-image-2645\" srcset=\"https:\/\/midwives.dev.gehealthcare.com\/fr-fr\/wp-content\/uploads\/sites\/4\/2022\/05\/03_PERIMETRE-ABDO_pl.png 350w, https:\/\/midwives.dev.gehealthcare.com\/fr-fr\/wp-content\/uploads\/sites\/4\/2022\/05\/03_PERIMETRE-ABDO_pl-300x170.png 300w\" sizes=\"(max-width: 350px) 100vw, 350px\" \/><\/a><figcaption><a href=\"https:\/\/midwives.dev.gehealthcare.com\/fr-fr\/education-clinique\/lechographie-de-depistage-au-2e-et-3e-trimestre-labdomen-et-le-perimetre-abdominal\/\"><mark style=\"background-color:rgba(0, 0, 0, 0);color:#595194\" class=\"has-inline-color\">L\u2019\u00c9CHOGRAPHIE DE D\u00c9PISTAGE AU 2E ET 3E TRIMESTRE &#8211; L\u2019ABDOMEN ET LE P\u00c9RIM\u00c8TRE ABDOMINAL<\/mark><\/a><\/figcaption><\/figure>\n\n\n\n<p><\/p>\n<\/div>\n<\/div>\n\n\n\n<div class=\"wp-block-columns is-layout-flex wp-container-core-columns-layout-3 wp-block-columns-is-layout-flex\">\n<div class=\"wp-block-column gated_videos is-layout-flow wp-block-column-is-layout-flow\">\n<figure class=\"wp-block-image size-large is-style-default\"><a href=\"https:\/\/midwives.dev.gehealthcare.com\/fr-fr\/education-clinique\/lechographie-de-depistage-au-2e-et-3e-trimestre-examen-des-membres-et-la-longueur-femorale\/\"><img loading=\"lazy\" decoding=\"async\" width=\"350\" height=\"198\" src=\"https:\/\/midwives.dev.gehealthcare.com\/fr-fr\/wp-content\/uploads\/sites\/4\/2022\/05\/04_FEMUR_pl.png\" alt=\"\" class=\"wp-image-2646\" srcset=\"https:\/\/midwives.dev.gehealthcare.com\/fr-fr\/wp-content\/uploads\/sites\/4\/2022\/05\/04_FEMUR_pl.png 350w, https:\/\/midwives.dev.gehealthcare.com\/fr-fr\/wp-content\/uploads\/sites\/4\/2022\/05\/04_FEMUR_pl-300x170.png 300w\" sizes=\"(max-width: 350px) 100vw, 350px\" \/><\/a><figcaption><a href=\"https:\/\/midwives.dev.gehealthcare.com\/fr-fr\/education-clinique\/lechographie-de-depistage-au-2e-et-3e-trimestre-examen-des-membres-et-la-longueur-femorale\/\"><mark style=\"background-color:rgba(0, 0, 0, 0);color:#595194\" class=\"has-inline-color\">L\u2019\u00c9CHOGRAPHIE DE D\u00c9PISTAGE AU 2E ET 3E TRIMESTRE &#8211; EXAMEN DES MEMBRES ET LA LONGUEUR F\u00c9MORALE<\/mark><\/a><\/figcaption><\/figure>\n<\/div>\n\n\n\n<div class=\"wp-block-column gated_videos is-layout-flow wp-block-column-is-layout-flow\">\n<figure class=\"wp-block-image size-large is-style-default\"><a href=\"https:\/\/midwives.dev.gehealthcare.com\/fr-fr\/education-clinique\/lechographie-de-depistage-au-2e-et-3e-trimestre-le-rachis-et-les-reins\/\"><img loading=\"lazy\" decoding=\"async\" width=\"350\" height=\"198\" src=\"https:\/\/midwives.dev.gehealthcare.com\/fr-fr\/wp-content\/uploads\/sites\/4\/2022\/06\/05_REINS_pl.png\" alt=\"\" class=\"wp-image-2663\" srcset=\"https:\/\/midwives.dev.gehealthcare.com\/fr-fr\/wp-content\/uploads\/sites\/4\/2022\/06\/05_REINS_pl.png 350w, https:\/\/midwives.dev.gehealthcare.com\/fr-fr\/wp-content\/uploads\/sites\/4\/2022\/06\/05_REINS_pl-300x170.png 300w\" sizes=\"(max-width: 350px) 100vw, 350px\" \/><\/a><figcaption><a href=\"https:\/\/midwives.dev.gehealthcare.com\/fr-fr\/education-clinique\/lechographie-de-depistage-au-2e-et-3e-trimestre-le-rachis-et-les-reins\/\"><mark style=\"background-color:rgba(0, 0, 0, 0);color:#595194\" class=\"has-inline-color\">L\u2019\u00c9CHOGRAPHIE DE D\u00c9PISTAGE AU 2E ET 3E TRIMESTRE &#8211; LE RACHIS ET LES REINS<\/mark><\/a><\/figcaption><\/figure>\n<\/div>\n\n\n\n<div class=\"wp-block-column gated_videos is-layout-flow wp-block-column-is-layout-flow\">\n<figure class=\"wp-block-image size-large is-style-default\"><a href=\"https:\/\/midwives.dev.gehealthcare.com\/fr-fr\/education-clinique\/lechographie-de-depistage-le-doppler-ombilical\/\"><img loading=\"lazy\" decoding=\"async\" width=\"350\" height=\"198\" src=\"https:\/\/midwives.dev.gehealthcare.com\/fr-fr\/wp-content\/uploads\/sites\/4\/2022\/06\/06_ART-OMBILIC_pl.png\" alt=\"\" class=\"wp-image-2664\" srcset=\"https:\/\/midwives.dev.gehealthcare.com\/fr-fr\/wp-content\/uploads\/sites\/4\/2022\/06\/06_ART-OMBILIC_pl.png 350w, https:\/\/midwives.dev.gehealthcare.com\/fr-fr\/wp-content\/uploads\/sites\/4\/2022\/06\/06_ART-OMBILIC_pl-300x170.png 300w\" sizes=\"(max-width: 350px) 100vw, 350px\" \/><\/a><figcaption><a href=\"https:\/\/midwives.dev.gehealthcare.com\/fr-fr\/education-clinique\/lechographie-de-depistage-le-doppler-ombilical\/\"><mark style=\"background-color:rgba(0, 0, 0, 0);color:#595194\" class=\"has-inline-color\">L\u2019\u00c9CHOGRAPHIE DE D\u00c9PISTAGE &#8211; LE DOPPLER OMBILICAL<\/mark><\/a><\/figcaption><\/figure>\n<\/div>\n<\/div>\n\n\n\n<div class=\"wp-block-columns is-layout-flex wp-container-core-columns-layout-4 wp-block-columns-is-layout-flex\">\n<div class=\"wp-block-column gated_videos is-layout-flow wp-block-column-is-layout-flow\">\n<figure class=\"wp-block-image size-large is-style-default\"><a href=\"https:\/\/midwives.dev.gehealthcare.com\/fr-fr\/education-clinique\/lechographie-de-depistage-le-doppler-des-arteres-uterines\/\"><img loading=\"lazy\" decoding=\"async\" width=\"350\" height=\"198\" src=\"https:\/\/midwives.dev.gehealthcare.com\/fr-fr\/wp-content\/uploads\/sites\/4\/2022\/06\/08_ART-UTERINE_play-1.png\" alt=\"\" class=\"wp-image-2720\" srcset=\"https:\/\/midwives.dev.gehealthcare.com\/fr-fr\/wp-content\/uploads\/sites\/4\/2022\/06\/08_ART-UTERINE_play-1.png 350w, https:\/\/midwives.dev.gehealthcare.com\/fr-fr\/wp-content\/uploads\/sites\/4\/2022\/06\/08_ART-UTERINE_play-1-300x170.png 300w\" sizes=\"(max-width: 350px) 100vw, 350px\" \/><\/a><figcaption><a href=\"https:\/\/midwives.dev.gehealthcare.com\/fr-fr\/education-clinique\/lechographie-de-depistage-le-doppler-des-arteres-uterines\/\"><mark style=\"background-color:rgba(0, 0, 0, 0);color:#595194\" class=\"has-inline-color\">L\u2019\u00c9CHOGRAPHIE DE D\u00c9PISTAGE &#8211; LE DOPPLER DES ART\u00c8RES UT\u00c9RINES<\/mark><\/a><\/figcaption><\/figure>\n<\/div>\n\n\n\n<div class=\"wp-block-column gated_videos is-layout-flow wp-block-column-is-layout-flow\">\n<figure class=\"wp-block-image size-full is-style-default\"><img loading=\"lazy\" decoding=\"async\" width=\"350\" height=\"198\" src=\"https:\/\/midwives.dev.gehealthcare.com\/fr-fr\/wp-content\/uploads\/sites\/4\/2022\/06\/09_DUCTUS-V_play-2.png\" alt=\"\" class=\"wp-image-3187\" srcset=\"https:\/\/midwives.dev.gehealthcare.com\/fr-fr\/wp-content\/uploads\/sites\/4\/2022\/06\/09_DUCTUS-V_play-2.png 350w, https:\/\/midwives.dev.gehealthcare.com\/fr-fr\/wp-content\/uploads\/sites\/4\/2022\/06\/09_DUCTUS-V_play-2-300x170.png 300w\" sizes=\"(max-width: 350px) 100vw, 350px\" \/><figcaption><a href=\"https:\/\/midwives.dev.gehealthcare.com\/fr-fr\/education-clinique\/lechographie-de-depistage-le-doppler-du-canal-veineux-darantius-ductus-venosus\/\"><mark style=\"background-color:rgba(0, 0, 0, 0);color:#595194\" class=\"has-inline-color\">L\u2019\u00c9CHOGRAPHIE DE D\u00c9PISTAGE &#8211; LE DOPPLER DU CANAL VEINEUX D\u2019ARANTIUS : DUCTUS VENOSUS<\/mark><\/a><\/figcaption><\/figure>\n<\/div>\n\n\n\n<div class=\"wp-block-column gated_videos is-layout-flow wp-block-column-is-layout-flow\">\n<figure class=\"wp-block-image size-large is-style-default\"><a href=\"https:\/\/midwives.dev.gehealthcare.com\/fr-fr\/education-clinique\/lechographie-de-depistage-le-doppler-de-lartere-cerebrale-moyenne\/\"><img loading=\"lazy\" decoding=\"async\" width=\"350\" height=\"198\" src=\"https:\/\/midwives.dev.gehealthcare.com\/fr-fr\/wp-content\/uploads\/sites\/4\/2022\/06\/07_ART-CEREBRALE_play-1.png\" alt=\"\" class=\"wp-image-2724\" srcset=\"https:\/\/midwives.dev.gehealthcare.com\/fr-fr\/wp-content\/uploads\/sites\/4\/2022\/06\/07_ART-CEREBRALE_play-1.png 350w, https:\/\/midwives.dev.gehealthcare.com\/fr-fr\/wp-content\/uploads\/sites\/4\/2022\/06\/07_ART-CEREBRALE_play-1-300x170.png 300w\" sizes=\"(max-width: 350px) 100vw, 350px\" \/><\/a><figcaption><a href=\"https:\/\/midwives.dev.gehealthcare.com\/fr-fr\/education-clinique\/lechographie-de-depistage-le-doppler-de-lartere-cerebrale-moyenne\/\"><mark style=\"background-color:rgba(0, 0, 0, 0);color:#593c94\" class=\"has-inline-color\">L&rsquo;\u00c9CHOGRAPHIE DE D\u00c9PISTAGE &#8211; LE DOPPLER DE L\u2019ART\u00c8RE C\u00c9R\u00c9BRALE MOYENNE<\/mark><\/a><\/figcaption><\/figure>\n<\/div>\n<\/div>\n\n\n\n<p><\/p>\n","protected":false},"excerpt":{"rendered":"<p>9 vid\u00e9os de 10 minutes pour r\u00e9viser les points cl\u00e9s de l&rsquo;\u00e9cho f\u0153tale.Inscrivez-vous pour \u00eatre inform\u00e9.e lorsque les \u00e9pisodes sont publi\u00e9s.<\/p>\n","protected":false},"author":3,"featured_media":0,"parent":0,"menu_order":0,"comment_status":"closed","ping_status":"closed","template":"","meta":{"inline_featured_image":false,"footnotes":""},"_links":{"self":[{"href":"https:\/\/midwives.dev.gehealthcare.com\/fr-fr\/wp-json\/wp\/v2\/pages\/2397"}],"collection":[{"href":"https:\/\/midwives.dev.gehealthcare.com\/fr-fr\/wp-json\/wp\/v2\/pages"}],"about":[{"href":"https:\/\/midwives.dev.gehealthcare.com\/fr-fr\/wp-json\/wp\/v2\/types\/page"}],"author":[{"embeddable":true,"href":"https:\/\/midwives.dev.gehealthcare.com\/fr-fr\/wp-json\/wp\/v2\/users\/3"}],"replies":[{"embeddable":true,"href":"https:\/\/midwives.dev.gehealthcare.com\/fr-fr\/wp-json\/wp\/v2\/comments?post=2397"}],"version-history":[{"count":74,"href":"https:\/\/midwives.dev.gehealthcare.com\/fr-fr\/wp-json\/wp\/v2\/pages\/2397\/revisions"}],"predecessor-version":[{"id":3190,"href":"https:\/\/midwives.dev.gehealthcare.com\/fr-fr\/wp-json\/wp\/v2\/pages\/2397\/revisions\/3190"}],"wp:attachment":[{"href":"https:\/\/midwives.dev.gehealthcare.com\/fr-fr\/wp-json\/wp\/v2\/media?parent=2397"}],"curies":[{"name":"wp","href":"https:\/\/api.w.org\/{rel}","templated":true}]}}